{"id":2,"date":"2026-04-23T09:42:46","date_gmt":"2026-04-23T09:42:46","guid":{"rendered":"https:\/\/fx.io.vn\/p\/?page_id=2"},"modified":"2026-04-24T10:58:11","modified_gmt":"2026-04-24T10:58:11","slug":"trang-mau","status":"publish","type":"page","link":"https:\/\/fx.io.vn\/p\/","title":{"rendered":"Home"},"content":{"rendered":"\n<div style=\"height:8px\" aria-hidden=\"true\" class=\"wp-block-spacer\"><\/div>\n\n\n\n<h1 class=\"wp-block-heading has-text-align-left\"><strong>WIN<\/strong> Platforms<\/h1>\n\n\n\n<figure class=\"wp-block-image aligncenter size-large\"><img decoding=\"async\" src=\"https:\/\/blog.daivuong.com\/wp-content\/uploads\/solaris\/dv\/dv-www\/sites\/2\/2025\/12\/1000018973.jpg\" alt=\"\"\/><\/figure>\n\n\n\n<p>\u0110\u1ea1i V\u01b0\u01a1ng, Golden Jeff, Cash Flows, Boss App \u203a BOSS JEFF \u203a \u0110\u1ea1i Khang<\/p>\n\n\n\n<p>Peace, trust \u2665\ufe0f \u6d2a:\u559c\u7de3\u5fb7\u798f \u8ca1\u5bcc\u9806\u5229<\/p>\n\n\n\n<p class=\"has-small-font-size\">\u0110\u1ea3m b\u1ea3o s\u1ef1 th\u1ecbnh v\u01b0\u1ee3ng n\u1ed1i d\u00e0i h\u00e0ng tr\u0103m n\u0103m, kh\u00f4ng gi\u00e1n \u0111o\u1ea1n. B\u00c1CH NI\u00caN TH\u1ecaNH TH\u1ebe \u767e\u5e74\u76db\u4e16 KHANG T\u00c0I CH\u1ee6<\/p>\n\n\n<form role=\"search\" method=\"get\" action=\"https:\/\/fx.io.vn\/p\/\" class=\"wp-block-search__button-inside wp-block-search__icon-button wp-block-search\"    ><label class=\"wp-block-search__label screen-reader-text\" for=\"wp-block-search__input-1\" >T\u00ecm ki\u1ebfm<\/label><div class=\"wp-block-search__inside-wrapper\"  style=\"width: 323px\"><input class=\"wp-block-search__input\" id=\"wp-block-search__input-1\" placeholder=\"T\u1eeb kho\u00e1 t\u00ecm ki\u1ebfm...\" value=\"\" type=\"search\" name=\"s\" required \/><button aria-label=\"T\u00ecm ki\u1ebfm\" class=\"wp-block-search__button has-background has-contrast-background-color has-icon wp-element-button\" type=\"submit\" ><svg class=\"search-icon\" viewBox=\"0 0 24 24\" width=\"24\" height=\"24\">\n\t\t\t\t\t<path d=\"M13 5c-3.3 0-6 2.7-6 6 0 1.4.5 2.7 1.3 3.7l-3.8 3.8 1.1 1.1 3.8-3.8c1 .8 2.3 1.3 3.7 1.3 3.3 0 6-2.7 6-6S16.3 5 13 5zm0 10.5c-2.5 0-4.5-2-4.5-4.5s2-4.5 4.5-4.5 4.5 2 4.5 4.5-2 4.5-4.5 4.5z\"><\/path>\n\t\t\t\t<\/svg><\/button><\/div><\/form>\n\n\n\n\n<p class=\"has-text-align-center has-small-font-size\">OPENING YOUR HEART: THE STARTING POINT<\/p>\n\n\n\n<p class=\"has-text-align-center\">RICH. SUCCESS. PROFIT. WIN<\/p>\n\n\n\n<p class=\"has-text-align-center has-x-large-font-size\">\ud83c\udde8\ud83c\uddf3 \ud83c\uddea\ud83c\uddf8 \ud83c\uddeb\ud83c\uddf7 \ud83c\uddef\ud83c\uddf5 \ud83c\uddf0\ud83c\uddf7 \ud83c\uddfa\ud83c\uddf2 \ud83c\uddfb\ud83c\uddf3<\/p>\n\n\n\n<p class=\"has-text-align-center has-system-serif-font-family\" style=\"font-size:clamp(4.16rem, 4.16rem + ((1vw - 0.2rem) * 7.592), 9rem);\">\u8cc7\u672c<\/p>\n\n\n\n<p class=\"has-system-serif-font-family has-x-large-font-size\">Nghi\u00eam T\u00fac v\u00e0 Tin T\u01b0\u1edfng<\/p>\n\n\n\n<p>Chuy\u1ec7n l\u00e0m \u0103n, ph\u00e1t tri\u1ec3n s\u1ef1 nghi\u1ec7p c\u1ea7n tr\u01b0\u1edbc ti\u00ean l\u00e0 C\u1ea4U TR\u00daC V\u1eeeNG CH\u1eaeC. Tr\u00ean c\u00e1i n\u1ec1n t\u1ea3ng, c\u01a1 c\u1ea5u \u0111\u00f3 m\u1edbi d\u1ef1ng th\u00e0nh s\u1ef1 nghi\u1ec7p v\u1eefng b\u1ec1n, ph\u00e1t tri\u1ec3n \u1ed5n \u0111\u1ecbnh<\/p>\n\n\n\n<p>C\u00f4ng ngh\u1ec7 t\u1ea1o ra nh\u1eefng s\u1ef1 \u0111\u1ed5i thay nhi\u1ec7m m\u1ea7u, \u0111\u00f3 l\u00e0 c\u00f4ng ngh\u1ec7 t\u1ea1o ra PROFIT, c\u00f4ng ngh\u1ec7 t\u1ea1o ra WIN, c\u00f4ng ngh\u1ec7 t\u1ea1o ra SUCCESS.<\/p>\n\n\n\n<p><\/p>\n\n\n\n<div style=\"height:23px\" aria-hidden=\"true\" class=\"wp-block-spacer\"><\/div>\n\n\n\n<p><\/p>\n\n\n\n<p class=\"has-system-serif-font-family has-x-large-font-size\">7 nh\u00f3m h\u1ec7 th\u1ed1ng s\u1ed1<\/p>\n\n\n\n<figure class=\"wp-block-image size-large\"><img decoding=\"async\" src=\"https:\/\/blog.daivuong.com\/wp-content\/uploads\/solaris\/dv\/dv-www\/sites\/2\/2026\/01\/1190.webp\" alt=\"\"\/><\/figure>\n\n\n\n<p><\/p>\n\n\n\n<div style=\"height:11px\" aria-hidden=\"true\" class=\"wp-block-spacer\"><\/div>\n\n\n\n<div style=\"height:0px\" aria-hidden=\"true\" class=\"wp-block-spacer\"><\/div>\n\n\n\n<p class=\"has-system-serif-font-family has-x-large-font-size\">\u275d b\u00e0i m\u1edbi \u0111\u0103ng<\/p>\n\n\n<ul class=\"wp-block-latest-posts__list wp-block-latest-posts\"><li><a class=\"wp-block-latest-posts__post-title\" href=\"https:\/\/fx.io.vn\/p\/blog\/1\/fx-toolkit\/\">FX Toolkit<\/a><\/li>\n<\/ul>\n\n\n<div style=\"height:27px\" aria-hidden=\"true\" class=\"wp-block-spacer\"><\/div>\n\n\n\n<p><\/p>\n\n\n\n<figure class=\"wp-block-image alignfull size-large wp-duotone-111111-eef5fb-2\"><img decoding=\"async\" src=\"https:\/\/vn.titocity.com\/wp-content\/uploads\/solaris\/tk\/tk-networks\/sites\/6\/2025\/10\/1000015648-scaled.jpg\" alt=\"\"\/><\/figure>\n\n\n\n<p>T\u0102NG TR\u01af\u1edeNG<\/p>\n\n\n\n<figure class=\"wp-block-image size-large wp-duotone-111111-eef5fb-3\"><img decoding=\"async\" src=\"https:\/\/vn.titocity.com\/wp-content\/uploads\/solaris\/tk\/tk-networks\/sites\/6\/2025\/10\/1000016006.jpg\" alt=\"\"\/><\/figure>\n\n\n\n<p class=\"has-small-font-size\">0, 1, 1, 2, 3, 5, 8, 13, 21, 34, 55, 89, 144, 233, 377, 610, 987, 1597, 2584, 4181, 6765, 10946, 17711, 28657, 46368, 75025, 121393, \u2026<\/p>\n\n\n\n<p><em>t\u0103ng tr\u01b0\u1edfng l\u0169y k\u1ebf<\/em><\/p>\n\n\n\n<div style=\"height:12px\" aria-hidden=\"true\" class=\"wp-block-spacer\"><\/div>\n\n\n\n<p class=\"has-system-serif-font-family\" style=\"font-size:clamp(3.909rem, 3.909rem + ((1vw - 0.2rem) * 6.888), 8.3rem);\">\u5927\u5bcc\u8c6a<\/p>\n\n\n\n<p class=\"has-large-font-size\">\u5fb7\u5eb7\u8ca1\u5bf6\u5a01\u660e\u798f\u6d77\u5927\u738b<\/p>\n\n\n\n<p style=\"font-size:clamp(0.929rem, 0.929rem + ((1vw - 0.2rem) * 0.739), 1.4rem);\">\u0110\u1ee8C KHANG T\u00c0I B\u1ea2O UY MINH PH\u00daC H\u1ea2I \u0110\u1ea0I V\u01af\u01a0NG<\/p>\n\n\n\n<p><\/p>\n\n\n\n<div style=\"height:27px\" aria-hidden=\"true\" class=\"wp-block-spacer\"><\/div>\n","protected":false},"excerpt":{"rendered":"<p>WIN Platforms \u0110\u1ea1i V\u01b0\u01a1ng, Golden Jeff, Cash Flows, Boss App \u203a BOSS JEFF \u203a \u0110\u1ea1i Khang Peace, trust \u2665\ufe0f \u6d2a:\u559c\u7de3\u5fb7\u798f \u8ca1\u5bcc\u9806\u5229 \u0110\u1ea3m b\u1ea3o s\u1ef1 th\u1ecbnh v\u01b0\u1ee3ng n\u1ed1i d\u00e0i h\u00e0ng tr\u0103m n\u0103m, kh\u00f4ng gi\u00e1n \u0111o\u1ea1n. B\u00c1CH NI\u00caN TH\u1ecaNH TH\u1ebe \u767e\u5e74\u76db\u4e16 KHANG T\u00c0I CH\u1ee6 OPENING YOUR HEART: THE STARTING POINT RICH. SUCCESS. PROFIT. WIN \ud83c\udde8\ud83c\uddf3 \ud83c\uddea\ud83c\uddf8 \ud83c\uddeb\ud83c\uddf7 [&hellip;]<\/p>\n","protected":false},"author":1,"featured_media":0,"parent":0,"menu_order":0,"comment_status":"closed","ping_status":"open","template":"page-no-title","meta":{"footnotes":""},"class_list":["post-2","page","type-page","status-publish","hentry"],"_links":{"self":[{"href":"https:\/\/fx.io.vn\/p\/wp-json\/wp\/v2\/pages\/2","targetHints":{"allow":["GET"]}}],"collection":[{"href":"https:\/\/fx.io.vn\/p\/wp-json\/wp\/v2\/pages"}],"about":[{"href":"https:\/\/fx.io.vn\/p\/wp-json\/wp\/v2\/types\/page"}],"author":[{"embeddable":true,"href":"https:\/\/fx.io.vn\/p\/wp-json\/wp\/v2\/users\/1"}],"replies":[{"embeddable":true,"href":"https:\/\/fx.io.vn\/p\/wp-json\/wp\/v2\/comments?post=2"}],"version-history":[{"count":1,"href":"https:\/\/fx.io.vn\/p\/wp-json\/wp\/v2\/pages\/2\/revisions"}],"predecessor-version":[{"id":8,"href":"https:\/\/fx.io.vn\/p\/wp-json\/wp\/v2\/pages\/2\/revisions\/8"}],"wp:attachment":[{"href":"https:\/\/fx.io.vn\/p\/wp-json\/wp\/v2\/media?parent=2"}],"curies":[{"name":"wp","href":"https:\/\/api.w.org\/{rel}","templated":true}]}}